{"id":1245,"date":"2022-02-11T13:51:54","date_gmt":"2022-02-11T13:51:54","guid":{"rendered":"https:\/\/afroglobalconnect.com\/?post_type=product&#038;p=1245"},"modified":"2025-08-25T13:17:35","modified_gmt":"2025-08-25T18:17:35","slug":"vip-membership","status":"publish","type":"product","link":"https:\/\/afroglobalconnect.com\/fr\/product\/vip-membership\/","title":{"rendered":"Adh\u00e9sion VIP"},"content":{"rendered":"","protected":false},"excerpt":{"rendered":"<ul>\n<li>Acc\u00e8s au r\u00e9seau national<\/li>\n<li>Invitation aux \u00e9v\u00e9nements nationaux<\/li>\n<li>Invitation aux brunchs et cocktails \u00e0 prix r\u00e9duit<\/li>\n<li>Acc\u00e8s au groupe Facebook priv\u00e9<\/li>\n<li>Acc\u00e8s au r\u00e9seau international<\/li>\n<li>Invitation \u00e0 des \u00e9v\u00e9nements internationaux<\/li>\n<li>Publications sur les m\u00e9dias sociaux<\/li>\n<li>Acc\u00e8s au cours en ligne sur le leadership transformationnel<\/li>\n<\/ul>","protected":false},"featured_media":1244,"template":"","meta":[],"product_brand":[],"product_cat":[17],"product_tag":[],"class_list":{"0":"post-1245","1":"product","2":"type-product","3":"status-publish","4":"has-post-thumbnail","6":"product_cat-memberships","8":"first","9":"instock","10":"virtual","11":"purchasable","12":"product-type-subscription"},"_links":{"self":[{"href":"https:\/\/afroglobalconnect.com\/fr\/wp-json\/wp\/v2\/product\/1245","targetHints":{"allow":["GET"]}}],"collection":[{"href":"https:\/\/afroglobalconnect.com\/fr\/wp-json\/wp\/v2\/product"}],"about":[{"href":"https:\/\/afroglobalconnect.com\/fr\/wp-json\/wp\/v2\/types\/product"}],"wp:featuredmedia":[{"embeddable":true,"href":"https:\/\/afroglobalconnect.com\/fr\/wp-json\/wp\/v2\/media\/1244"}],"wp:attachment":[{"href":"https:\/\/afroglobalconnect.com\/fr\/wp-json\/wp\/v2\/media?parent=1245"}],"wp:term":[{"taxonomy":"product_brand","embeddable":true,"href":"https:\/\/afroglobalconnect.com\/fr\/wp-json\/wp\/v2\/product_brand?post=1245"},{"taxonomy":"product_cat","embeddable":true,"href":"https:\/\/afroglobalconnect.com\/fr\/wp-json\/wp\/v2\/product_cat?post=1245"},{"taxonomy":"product_tag","embeddable":true,"href":"https:\/\/afroglobalconnect.com\/fr\/wp-json\/wp\/v2\/product_tag?post=1245"}],"curies":[{"name":"wp","href":"https:\/\/api.w.org\/{rel}","templated":true}]}}