{"id":1243,"date":"2022-02-11T13:51:31","date_gmt":"2022-02-11T13:51:31","guid":{"rendered":"https:\/\/afroglobalconnect.com\/?post_type=product&#038;p=1243"},"modified":"2025-08-25T13:17:35","modified_gmt":"2025-08-25T18:17:35","slug":"regular-membership","status":"publish","type":"product","link":"https:\/\/afroglobalconnect.com\/fr\/product\/regular-membership\/","title":{"rendered":"Adh\u00e9sion r\u00e9guli\u00e8re"},"content":{"rendered":"","protected":false},"excerpt":{"rendered":"<ul>\n<li>Acc\u00e8s au r\u00e9seau national<\/li>\n<li>Invitation aux \u00e9v\u00e9nements nationaux<\/li>\n<li>Invitation aux brunchs et cocktails \u00e0 prix r\u00e9duit<\/li>\n<li>Acc\u00e8s au groupe Facebook priv\u00e9<\/li>\n<\/ul>","protected":false},"featured_media":1244,"template":"","meta":[],"product_brand":[],"product_cat":[15],"product_tag":[],"class_list":{"0":"post-1243","1":"product","2":"type-product","3":"status-publish","4":"has-post-thumbnail","6":"product_cat-uncategorized","8":"first","9":"instock","10":"virtual","11":"purchasable","12":"product-type-subscription"},"_links":{"self":[{"href":"https:\/\/afroglobalconnect.com\/fr\/wp-json\/wp\/v2\/product\/1243","targetHints":{"allow":["GET"]}}],"collection":[{"href":"https:\/\/afroglobalconnect.com\/fr\/wp-json\/wp\/v2\/product"}],"about":[{"href":"https:\/\/afroglobalconnect.com\/fr\/wp-json\/wp\/v2\/types\/product"}],"wp:featuredmedia":[{"embeddable":true,"href":"https:\/\/afroglobalconnect.com\/fr\/wp-json\/wp\/v2\/media\/1244"}],"wp:attachment":[{"href":"https:\/\/afroglobalconnect.com\/fr\/wp-json\/wp\/v2\/media?parent=1243"}],"wp:term":[{"taxonomy":"product_brand","embeddable":true,"href":"https:\/\/afroglobalconnect.com\/fr\/wp-json\/wp\/v2\/product_brand?post=1243"},{"taxonomy":"product_cat","embeddable":true,"href":"https:\/\/afroglobalconnect.com\/fr\/wp-json\/wp\/v2\/product_cat?post=1243"},{"taxonomy":"product_tag","embeddable":true,"href":"https:\/\/afroglobalconnect.com\/fr\/wp-json\/wp\/v2\/product_tag?post=1243"}],"curies":[{"name":"wp","href":"https:\/\/api.w.org\/{rel}","templated":true}]}}