{"id":2272,"date":"2024-11-11T12:43:08","date_gmt":"2024-11-11T18:43:08","guid":{"rendered":"https:\/\/afroglobalconnect.com\/all-events\/"},"modified":"2026-01-23T17:06:24","modified_gmt":"2026-01-23T23:06:24","slug":"all-events","status":"publish","type":"page","link":"https:\/\/afroglobalconnect.com\/fr\/all-events\/","title":{"rendered":"\u00e9v\u00e8nements \u00e0 venir"},"content":{"rendered":"","protected":false},"excerpt":{"rendered":"","protected":false},"author":1,"featured_media":-1,"parent":0,"menu_order":0,"comment_status":"closed","ping_status":"closed","template":"","meta":{"footnotes":""},"class_list":["post-2272","page","type-page","status-publish","has-post-thumbnail","hentry"],"_links":{"self":[{"href":"https:\/\/afroglobalconnect.com\/fr\/wp-json\/wp\/v2\/pages\/2272","targetHints":{"allow":["GET"]}}],"collection":[{"href":"https:\/\/afroglobalconnect.com\/fr\/wp-json\/wp\/v2\/pages"}],"about":[{"href":"https:\/\/afroglobalconnect.com\/fr\/wp-json\/wp\/v2\/types\/page"}],"author":[{"embeddable":true,"href":"https:\/\/afroglobalconnect.com\/fr\/wp-json\/wp\/v2\/users\/1"}],"replies":[{"embeddable":true,"href":"https:\/\/afroglobalconnect.com\/fr\/wp-json\/wp\/v2\/comments?post=2272"}],"version-history":[{"count":2,"href":"https:\/\/afroglobalconnect.com\/fr\/wp-json\/wp\/v2\/pages\/2272\/revisions"}],"predecessor-version":[{"id":6044,"href":"https:\/\/afroglobalconnect.com\/fr\/wp-json\/wp\/v2\/pages\/2272\/revisions\/6044"}],"wp:featuredmedia":[{"embeddable":true,"href":"https:\/\/afroglobalconnect.com\/fr\/wp-json\/"}],"wp:attachment":[{"href":"https:\/\/afroglobalconnect.com\/fr\/wp-json\/wp\/v2\/media?parent=2272"}],"curies":[{"name":"wp","href":"https:\/\/api.w.org\/{rel}","templated":true}]}}